{"id":44,"date":"2017-04-12T15:54:49","date_gmt":"2017-04-12T13:54:49","guid":{"rendered":"http:\/\/serwer1739651.home.pl\/?page_id=44"},"modified":"2023-11-01T19:09:39","modified_gmt":"2023-11-01T18:09:39","slug":"kontakt","status":"publish","type":"page","link":"https:\/\/willa5.pl\/","title":{"rendered":"Kontakt"},"content":{"rendered":"<p style=\"text-align: justify;\">Warunkiem wydania dla Pa\u0144stwa rezerwacji jest dokonanie wp\u0142aty zaliczkowej w wysoko\u015bci 20% \u00a0od okresu pobytu w danym pokoju. Zaliczk\u0119 nale\u017cy wys\u0142a\u0107 na podane poni\u017cej dane adresowe i numer konta. Rezerwacja jest aktualna do godziny 19.00 bez wcze\u015bniejszego potwierdzenia o p\u00f3\u017aniejszym przyje\u017adzie.<br \/>\nNapiszcie do Nas lub przedzwo\u0144cie, je\u017celi chc\u0105 Pa\u0144stwo uzyska\u0107 wi\u0119cej informacji.<\/p>\n<p><strong>ADRES POCZTOWY<\/strong><\/p>\n<table>\n<tbody>\n<tr>\n<td><strong>P.W. RYCH\u0141OWSKI<\/strong><\/p>\n<p>D.W. \u201eWILLA 5\u201d ul. Gryfa Pomorskiego 36<\/p>\n<p>72-500 Mi\u0119dzyzdroje<\/p>\n<p>woj. zachodniopomorskie<\/p>\n<p><strong>e-mail:<\/strong> <a href=\"mailto:willa5@op.pl\">willa5@op.pl<\/a><\/td>\n<td>\n<p style=\"text-align: right;\">Telefon:<\/p>\n<p style=\"text-align: right;\">\u00a0 \u00a0 \u00a0 \u00a0 \u00a0 \u00a0 \u00a0 \u00a0 \u00a0 \u00a0 \u00a0+48 603 715 958<\/p>\n<p style=\"text-align: right;\">+48 695 394 210<\/p>\n<p style=\"text-align: right;\">\n<\/td>\n<\/tr>\n<\/tbody>\n<\/table>\n<h3 style=\"text-align: center;\"><strong>SWIFT\/BIC: GBWCPLPP<\/strong><br \/>\n<strong>Konto IBAN: 20 9383 0007 0008 0871 2000 0010<\/strong><\/h3>\n<div id=\"cscf\" class=\"cscfBlock\">\n<div class=\"cscfForm\">\n<p>Poni\u017cej wpisz swoje dane kontaktowe i kr\u00f3tk\u0105 wiadomo\u015b\u0107, zapytaj o rezerwacj\u0119, a postaramy si\u0119 odpowiedzie\u0107 wkr\u00f3tce.<\/p>\n<div id=\"cscf\" class=\"cscfBlock\">\n    <div class=\"cscfMessageSent\" style=\"display:none;\" role=\"status\" aria-live=\"polite\">\n\t\t<h3>Wiadomo\u015b\u0107 zosta\u0142a wys\u0142ana<\/h3>\n<p>Dzi\u0119kujemy za wiadomo\u015b\u0107, skontaktujemy si\u0119 wkr\u00f3tce. <\/p>    <\/div>\n    <div class=\"cscfMessageNotSent\" style=\"display:none;\" role=\"alert\" aria-live=\"assertive\">\n\t\t<p>\n    Przepraszamy, wyst\u0105pi\u0142 b\u0142\u0105d i wiadomo\u015b\u0107 nie zosta\u0142a wys\u0142ana.<\/p>\n    <\/div>\n    <div class=\"cscfForm\">\n        <p>Poni\u017cej wpisz swoje dane kontaktowe i kr\u00f3tk\u0105 wiadomo\u015b\u0107, a postaramy si\u0119 odpowiedzie\u0107 wkr\u00f3tce.<\/p>\n\n        <form role=\"form\" id=\"frmCSCF\" name=\"frmCSCF\" method=\"post\" novalidate>\n\t\t\t<input type=\"hidden\" id=\"cscf_nonce\" name=\"cscf_nonce\" value=\"426672588d\" \/><input type=\"hidden\" name=\"_wp_http_referer\" value=\"\/index.php?rest_route=%2Fwp%2Fv2%2Fpages%2F44\" \/>            <input type=\"hidden\" name=\"post-id\" value=\"44\">\n\n\t\t\t\n            <!-- name -->\n            <div class=\"control-group form-group\">\n                <label for=\"cscf_name\">Nazwa:<\/label>\n\n\n                <div class=\"\">\n\t\t\t\t\t                    <input class=\"form-control input-xlarge\"\n                           data-rule-required=\"true\"\n                           data-msg-required=\"Prosimy wpisa\u0107 imi\u0119 i nazwisko.\"\n                           type=\"text\" id=\"cscf_name\" name=\"cscf[name]\"\n                           value=\"\"\n                           placeholder=\"Twoje imi\u0119 i nazwisko\"\n                           autocomplete=\"name\"\n                           aria-required=\"true\"\n                           aria-describedby=\"cscf_name_error\"\n                                               \/>\n                <\/div>\n                <span id=\"cscf_name_error\" class=\"help-inline help-block error\"\n                      style=\"display:none;\"\n                      role=\"alert\">\n                                    <\/span>\n            <\/div>\n\n\n            <!--email address-->\n            <div class=\"control-group form-group\">\n                <label for=\"cscf_email\">Adres e-mail:<\/label>\n\n                <div class=\"\">\n\t\t\t\t\t                    <input class=\"form-control input-xlarge\"\n                           data-rule-required=\"true\"\n                           data-rule-email=\"true\"\n                           data-msg-required=\"Prosimy poda\u0107 adres e-mail.\"\n                           data-msg-email=\"Prosz\u0119 wprowadzi\u0107 prawid\u0142owy adres e-mail.\"\n                           type=\"email\" id=\"cscf_email\" name=\"cscf[email]\"\n                           value=\"\"\n                           placeholder=\"Tw\u00f3j adres e-mail\"\n                           autocomplete=\"email\"\n                           aria-required=\"true\"\n                           aria-describedby=\"cscf_email_error\"\n                                               \/>\n                <\/div>\n                <span id=\"cscf_email_error\" class=\"help-inline help-block error\"\n                      style=\"display:none;\"\n                      role=\"alert\">\n                                    <\/span>\n            <\/div>\n\n\t\t\t                <!--confirm email address -->\n                <div class=\"control-group form-group\">\n                    <label for=\"cscf_confirm-email\">Potwierd\u017a adres e-mail:<\/label>\n                    <div class=\"\">\n\t\t\t\t\t\t                        <input class=\"form-control input-xlarge\"\n                               data-rule-required=\"true\"\n                               data-rule-email=\"true\"\n                               data-rule-equalTo=\"#cscf_email\"\n                               data-msg-required=\"Ponownie wpisz sw\u00f3j adres e-mail\"\n                               data-msg-email=\"Prosz\u0119 wprowadzi\u0107 prawid\u0142owy adres e-mail.\"\n                               data-msg-equalTo=\"Ponownie wpisz sw\u00f3j adres e-mail\"\n                               type=\"email\" id=\"cscf_confirm-email\" name=\"cscf[confirm-email]\"\n                               value=\"\"\n                               placeholder=\"Potwierd\u017a sw\u00f3j adres e-mail\"\n                               autocomplete=\"email\"\n                               aria-required=\"true\"\n                               aria-describedby=\"cscf_confirm-email_error\"\n                                                       \/>\n                    <\/div>\n                    <span id=\"cscf_confirm-email_error\" class=\"help-inline help-block error\"\n                          style=\"display:none;\"\n                          role=\"alert\">\n                                    <\/span>\n                <\/div>\n\t\t\t\n\t\t\t\n\n            <!-- message -->\n            <div class=\"control-group form-group\">\n                <label for=\"cscf_message\">Wiadomo\u015b\u0107:<\/label>\n                <div class=\"\">\n\t\t\t\t\t                    <textarea class=\"form-control input-xlarge\"\n                              data-rule-required=\"true\"\n                              data-msg-required=\"Wpisz wiadomo\u015b\u0107.\"\n                              id=\"cscf_message\" name=\"cscf[message]\" rows=\"10\"\n                              placeholder=\"Twoja wiadomo\u015b\u0107\"\n                              aria-required=\"true\"\n                              aria-describedby=\"cscf_message_error\"\n                              ><\/textarea>\n                <\/div>\n\n                <span id=\"cscf_message_error\" class=\"help-inline help-block error\"\n                      style=\"display:none;\"\n                      role=\"alert\">\n                                    <\/span>\n            <\/div>\n\n\t\t\t\n\n\n\t\t\t\n            <!-- recaptcha -->\n\t\t\t            <input type=\"submit\" id=\"cscf_SubmitButton\" class=\"btn btn-default\"\n                   value=\"Wy\u015blij wiadomo\u015b\u0107\"\/>\n        <\/form>\n    <\/div>\n<\/div>\n<\/div>\n<\/div>\n","protected":false},"excerpt":{"rendered":"<p>Warunkiem wydania dla Pa\u0144stwa rezerwacji jest dokonanie wp\u0142aty zaliczkowej w wysoko\u015bci 20% \u00a0od okresu pobytu w danym pokoju. Zaliczk\u0119 nale\u017cy wys\u0142a\u0107 na podane poni\u017cej dane adresowe i numer konta. Rezerwacja jest aktualna do godziny 19.00 bez wcze\u015bniejszego potwierdzenia o p\u00f3\u017aniejszym przyje\u017adzie. Napiszcie do Nas lub przedzwo\u0144cie, je\u017celi chc\u0105 Pa\u0144stwo uzyska\u0107 wi\u0119cej informacji. ADRES POCZTOWY P.W. [&hellip;]<\/p>\n","protected":false},"author":5,"featured_media":0,"parent":0,"menu_order":0,"comment_status":"closed","ping_status":"closed","template":"","meta":[],"_links":{"self":[{"href":"https:\/\/willa5.pl\/index.php?rest_route=\/wp\/v2\/pages\/44"}],"collection":[{"href":"https:\/\/willa5.pl\/index.php?rest_route=\/wp\/v2\/pages"}],"about":[{"href":"https:\/\/willa5.pl\/index.php?rest_route=\/wp\/v2\/types\/page"}],"author":[{"embeddable":true,"href":"https:\/\/willa5.pl\/index.php?rest_route=\/wp\/v2\/users\/5"}],"replies":[{"embeddable":true,"href":"https:\/\/willa5.pl\/index.php?rest_route=%2Fwp%2Fv2%2Fcomments&post=44"}],"version-history":[{"count":7,"href":"https:\/\/willa5.pl\/index.php?rest_route=\/wp\/v2\/pages\/44\/revisions"}],"predecessor-version":[{"id":105,"href":"https:\/\/willa5.pl\/index.php?rest_route=\/wp\/v2\/pages\/44\/revisions\/105"}],"wp:attachment":[{"href":"https:\/\/willa5.pl\/index.php?rest_route=%2Fwp%2Fv2%2Fmedia&parent=44"}],"curies":[{"name":"wp","href":"https:\/\/api.w.org\/{rel}","templated":true}]}}